{"id":883,"date":"2022-09-22T09:40:52","date_gmt":"2022-09-22T09:40:52","guid":{"rendered":"http:\/\/halomotthon.hu\/wp\/?page_id=883"},"modified":"2024-02-25T16:43:21","modified_gmt":"2024-02-25T16:43:21","slug":"minositesek","status":"publish","type":"page","link":"https:\/\/halomotthon.hu\/wp\/minositesek\/","title":{"rendered":"Min\u0151s\u00edt\u00e9sek"},"content":{"rendered":"<p><a href=\"https:\/\/halomotthon.hu\/index_htm_files\/13367_Budapest%20X.%20F%C5%91v%C3%A1rosi%20%C3%96nkorm%C3%A1nyzat%20Halom%20Utcai%20Id%C5%91sek%20Otthona%20F%C5%91z%C5%91konyha.pdf\">Halom utca konyha<\/a><\/p>\n<p><a href=\"http:\/\/www.halomotthon.hu\/index_htm_files\/Min%C5%91s%C3%ADt%C3%A9s%20%C3%93hegy%20u.%20konyha.pdf\">\u00d3hegy utca konyha<\/a><\/p>\n<p><a href=\"http:\/\/www.halomotthon.hu\/index_htm_files\/Min%C5%91s%C3%ADt%C3%A9s%20Gergely%20u.%20konyha1.pdf\">Gergely utca konyha 1<\/a><\/p>\n<p><a href=\"http:\/\/www.halomotthon.hu\/index_htm_files\/Min%C5%91s%C3%ADt%C3%A9s%20Gergely%20u.%20konyha%202..pdf\">Gergely utca konyha 2<\/a><\/p>\n<p><a href=\"http:\/\/www.halomotthon.hu\/index_htm_files\/Min%C5%91s%C3%ADt%C3%A9s%20Tapl%C3%B3%20u.%20konyha.pdf\">Tapl\u00f3 utca konyha<\/a><\/p>\n<p>&nbsp;<\/p>\n","protected":false},"excerpt":{"rendered":"<p>Halom utca konyha \u00d3hegy utca konyha Gergely utca konyha 1 Gergely utca konyha 2 Tapl\u00f3 utca konyha &nbsp;<\/p>\n","protected":false},"author":1,"featured_media":0,"parent":0,"menu_order":0,"comment_status":"closed","ping_status":"closed","template":"","meta":{"footnotes":""},"class_list":["post-883","page","type-page","status-publish","hentry","page-entry","loop-entry clr"],"_links":{"self":[{"href":"https:\/\/halomotthon.hu\/wp\/wp-json\/wp\/v2\/pages\/883","targetHints":{"allow":["GET"]}}],"collection":[{"href":"https:\/\/halomotthon.hu\/wp\/wp-json\/wp\/v2\/pages"}],"about":[{"href":"https:\/\/halomotthon.hu\/wp\/wp-json\/wp\/v2\/types\/page"}],"author":[{"embeddable":true,"href":"https:\/\/halomotthon.hu\/wp\/wp-json\/wp\/v2\/users\/1"}],"replies":[{"embeddable":true,"href":"https:\/\/halomotthon.hu\/wp\/wp-json\/wp\/v2\/comments?post=883"}],"version-history":[{"count":4,"href":"https:\/\/halomotthon.hu\/wp\/wp-json\/wp\/v2\/pages\/883\/revisions"}],"predecessor-version":[{"id":980,"href":"https:\/\/halomotthon.hu\/wp\/wp-json\/wp\/v2\/pages\/883\/revisions\/980"}],"wp:attachment":[{"href":"https:\/\/halomotthon.hu\/wp\/wp-json\/wp\/v2\/media?parent=883"}],"curies":[{"name":"wp","href":"https:\/\/api.w.org\/{rel}","templated":true}]}}