{"id":1164,"date":"2026-04-20T12:08:00","date_gmt":"2026-04-20T12:08:00","guid":{"rendered":"https:\/\/halomotthon.hu\/wp\/?page_id=1164"},"modified":"2026-04-21T12:34:16","modified_gmt":"2026-04-21T12:34:16","slug":"atlathatosag","status":"publish","type":"page","link":"https:\/\/halomotthon.hu\/wp\/atlathatosag\/","title":{"rendered":"\u00c1tl\u00e1that\u00f3s\u00e1g"},"content":{"rendered":"<p>&nbsp;<\/p>\n<table style=\"width: 100%; background-color: #ebe4e4; border-spacing: 10px; border-collapse: separate; border-radius: 8px;\">\n<tbody>\n<tr>\n<td style=\"width: 25%; text-align: center; vertical-align: middle; border: 1px solid gray; background-color: white; border-radius: 8px;\"><strong><a href=\"https:\/\/einfoszab.budapest.hu\/home\">F\u0151v\u00e1rosi \u00d6nkorm\u00e1nyzat k\u00f6zz\u00e9t\u00e9teli oldala<\/a><\/strong><\/td>\n<td style=\"width: 25%; text-align: center; vertical-align: middle; border: 1px solid gray; background-color: white; border-radius: 8px;\"><strong><a href=\"https:\/\/halomotthon.hu\/wp\/uzleti-titok-vedelme\/\">\u00dczleti titkok v\u00e9delme<\/a><\/strong><\/td>\n<td style=\"width: 25%; text-align: center; vertical-align: middle; border: 1px solid gray; background-color: white; border-radius: 8px;\"><strong><a href=\"https:\/\/halomotthon.hu\/wp\/megvalaszolt-adatigenyles\/\">Megv\u00e1laszolt adatig\u00e9nyl\u00e9sek<\/a><\/strong><\/td>\n<td style=\"width: 25%; text-align: center; vertical-align: middle; border: 1px solid gray; background-color: white; border-radius: 8px;\"><strong><a href=\"https:\/\/halomotthon.hu\/wp\/atlathatosagert-felelos-vezeto\/\">\u00c1tl\u00e1that\u00f3s\u00e1g\u00e9rt felel\u0151s vezet\u0151<\/a><\/strong><\/td>\n<\/tr>\n<\/tbody>\n<\/table>\n<table style=\"height: 105px; width: 100.144%; background-color: #dbd7d7; border: 1px solid gray;\">\n<tbody>\n<tr>\n<td style=\"width: 100%; text-align: center; vertical-align: middle;\"><strong><a href=\"https:\/\/halomotthon.hu\/wp\/kozerdeku-adatok-megismeresere-iranyulo-igenyek-rendje\/\">A k\u00f6z\u00e9rdek\u0171 adatok megismer\u00e9s\u00e9re ir\u00e1nyul\u00f3 ig\u00e9nyek int\u00e9z\u00e9s\u00e9nek rendje<\/a><\/strong><\/td>\n<\/tr>\n<\/tbody>\n<\/table>\n<table style=\"width: 100%; background-color: #ebe4e4; border-spacing: 10px; border-collapse: separate; border-radius: 8px;\">\n<tbody>\n<tr>\n<td style=\"width: 20%; text-align: center; vertical-align: middle; border: 1px solid gray; background-color: white; border-radius: 8px;\"><strong><a href=\"https:\/\/halomotthon.hu\/wp\/szerzodesek\/\">Szerz\u0151d\u00e9sek<\/a><\/strong><\/td>\n<td style=\"width: 20%; text-align: center; vertical-align: middle; border: 1px solid gray; background-color: white; border-radius: 8px;\"><strong>Beszerz\u00e9sek<\/strong><\/td>\n<td style=\"width: 20%; text-align: center; vertical-align: middle; border: 1px solid gray; background-color: white; border-radius: 8px;\"><strong>A F\u0151v\u00e1rosi \u00d6nkorm\u00e1nyzat<\/strong><br \/>\n<strong>k\u00f6lts\u00e9gvet\u00e9se<\/strong><\/td>\n<td style=\"width: 20%; text-align: center; vertical-align: middle; border: 1px solid gray; background-color: white; border-radius: 8px;\"><strong><a href=\"https:\/\/halomotthon.hu\/wp\/foglalkoztatottak-juttatasok-adatai\/\">Foglalkotatottak juttat\u00e1sok adatai<\/a><\/strong><\/td>\n<td style=\"width: 20%; text-align: center; vertical-align: middle; border: 1px solid gray; background-color: white; border-radius: 8px;\"><\/td>\n<\/tr>\n<\/tbody>\n<\/table>\n<p>&nbsp;<\/p>\n<p>&nbsp;<\/p>\n","protected":false},"excerpt":{"rendered":"<p>&nbsp; F\u0151v\u00e1rosi \u00d6nkorm\u00e1nyzat k\u00f6zz\u00e9t\u00e9teli oldala \u00dczleti titkok v\u00e9delme Megv\u00e1laszolt adatig\u00e9nyl\u00e9sek \u00c1tl\u00e1that\u00f3s\u00e1g\u00e9rt felel\u0151s vezet\u0151 A k\u00f6z\u00e9rdek\u0171 adatok megismer\u00e9s\u00e9re ir\u00e1nyul\u00f3 ig\u00e9nyek int\u00e9z\u00e9s\u00e9nek rendje Szerz\u0151d\u00e9sek Beszerz\u00e9sek A F\u0151v\u00e1rosi \u00d6nkorm\u00e1nyzat k\u00f6lts\u00e9gvet\u00e9se Foglalkotatottak juttat\u00e1sok adatai &nbsp; &nbsp;<\/p>\n","protected":false},"author":1,"featured_media":0,"parent":0,"menu_order":0,"comment_status":"closed","ping_status":"closed","template":"templates\/fullwidth.php","meta":{"footnotes":""},"class_list":["post-1164","page","type-page","status-publish","hentry","page-entry","loop-entry clr"],"_links":{"self":[{"href":"https:\/\/halomotthon.hu\/wp\/wp-json\/wp\/v2\/pages\/1164","targetHints":{"allow":["GET"]}}],"collection":[{"href":"https:\/\/halomotthon.hu\/wp\/wp-json\/wp\/v2\/pages"}],"about":[{"href":"https:\/\/halomotthon.hu\/wp\/wp-json\/wp\/v2\/types\/page"}],"author":[{"embeddable":true,"href":"https:\/\/halomotthon.hu\/wp\/wp-json\/wp\/v2\/users\/1"}],"replies":[{"embeddable":true,"href":"https:\/\/halomotthon.hu\/wp\/wp-json\/wp\/v2\/comments?post=1164"}],"version-history":[{"count":74,"href":"https:\/\/halomotthon.hu\/wp\/wp-json\/wp\/v2\/pages\/1164\/revisions"}],"predecessor-version":[{"id":1262,"href":"https:\/\/halomotthon.hu\/wp\/wp-json\/wp\/v2\/pages\/1164\/revisions\/1262"}],"wp:attachment":[{"href":"https:\/\/halomotthon.hu\/wp\/wp-json\/wp\/v2\/media?parent=1164"}],"curies":[{"name":"wp","href":"https:\/\/api.w.org\/{rel}","templated":true}]}}