{"id":102,"date":"2016-04-25T19:11:35","date_gmt":"2016-04-25T19:11:35","guid":{"rendered":"http:\/\/halomotthon.hu\/wp\/?page_id=102"},"modified":"2026-04-02T08:41:58","modified_gmt":"2026-04-02T08:41:58","slug":"palyazat","status":"publish","type":"page","link":"https:\/\/halomotthon.hu\/wp\/palyazat\/","title":{"rendered":"P\u00e1ly\u00e1zat"},"content":{"rendered":"<p><strong>Az int\u00e9zm\u00e9ny aktu\u00e1lis p\u00e1ly\u00e1zati ki\u00edr\u00e1sai megtekinthet\u0151k:<\/strong><\/p>\n<ul>\n<li><a href=\"http:\/\/www.kozigallas.hu\">kozigallas.hu<\/a><\/li>\n<li>Fenntart\u00f3 F\u0151v\u00e1rosi \u00d6nkorm\u00e1nyzat honlapj\u00e1n: k\u00f6z\u00e9rdek\u0171 adatok \u2192 p\u00e1ly\u00e1zatok<\/li>\n<li><a href=\"https:\/\/einfoszab.budapest.hu\/ApplicationForm\/HistoryDetails\/18482?key=palyazat-osztondij-view&amp;type=3\">2026\/2027. \u00e9vi Budapest Roma \u00d6szt\u00f6nd\u00edjprogram p\u00e1ly\u00e1zati felh\u00edv\u00e1sa<\/a><\/li>\n<\/ul>\n","protected":false},"excerpt":{"rendered":"<p>Az int\u00e9zm\u00e9ny aktu\u00e1lis p\u00e1ly\u00e1zati ki\u00edr\u00e1sai megtekinthet\u0151k: kozigallas.hu Fenntart\u00f3 F\u0151v\u00e1rosi \u00d6nkorm\u00e1nyzat honlapj\u00e1n: k\u00f6z\u00e9rdek\u0171 adatok \u2192 p\u00e1ly\u00e1zatok 2026\/2027. \u00e9vi Budapest Roma \u00d6szt\u00f6nd\u00edjprogram p\u00e1ly\u00e1zati felh\u00edv\u00e1sa<\/p>\n","protected":false},"author":1,"featured_media":0,"parent":0,"menu_order":0,"comment_status":"closed","ping_status":"closed","template":"","meta":{"footnotes":""},"class_list":["post-102","page","type-page","status-publish","hentry","page-entry","loop-entry clr"],"_links":{"self":[{"href":"https:\/\/halomotthon.hu\/wp\/wp-json\/wp\/v2\/pages\/102","targetHints":{"allow":["GET"]}}],"collection":[{"href":"https:\/\/halomotthon.hu\/wp\/wp-json\/wp\/v2\/pages"}],"about":[{"href":"https:\/\/halomotthon.hu\/wp\/wp-json\/wp\/v2\/types\/page"}],"author":[{"embeddable":true,"href":"https:\/\/halomotthon.hu\/wp\/wp-json\/wp\/v2\/users\/1"}],"replies":[{"embeddable":true,"href":"https:\/\/halomotthon.hu\/wp\/wp-json\/wp\/v2\/comments?post=102"}],"version-history":[{"count":2,"href":"https:\/\/halomotthon.hu\/wp\/wp-json\/wp\/v2\/pages\/102\/revisions"}],"predecessor-version":[{"id":1145,"href":"https:\/\/halomotthon.hu\/wp\/wp-json\/wp\/v2\/pages\/102\/revisions\/1145"}],"wp:attachment":[{"href":"https:\/\/halomotthon.hu\/wp\/wp-json\/wp\/v2\/media?parent=102"}],"curies":[{"name":"wp","href":"https:\/\/api.w.org\/{rel}","templated":true}]}}